{"id":1343,"date":"2015-10-26T18:43:35","date_gmt":"2015-10-26T18:43:35","guid":{"rendered":"https:\/\/skywalk.info\/?page_id=1343"},"modified":"2025-07-09T08:05:44","modified_gmt":"2025-07-09T08:05:44","slug":"kontakt","status":"publish","type":"page","link":"https:\/\/skywalk.info\/de\/kontakt\/","title":{"rendered":"Kontakt"},"content":{"rendered":"<p>[et_pb_section bb_built=&#8220;1&#8243; admin_label=&#8220;section&#8220; fullwidth=&#8220;on&#8220; specialty=&#8220;off&#8220; next_background_color=&#8220;#000000&#8243; inner_width=&#8220;auto&#8220; inner_max_width=&#8220;1080px&#8220;][et_pb_fullwidth_map zoom_level=&#8220;3&#8243; address_lat=&#8220;47.7614275&#8243; address_lng=&#8220;12.460403600000063&#8243; address=&#8220;Marquartstein, Deutschland&#8220; _builder_version=&#8220;4.7.4&#8243; box_shadow_horizontal_tablet=&#8220;0px&#8220; box_shadow_vertical_tablet=&#8220;0px&#8220; box_shadow_blur_tablet=&#8220;40px&#8220; box_shadow_spread_tablet=&#8220;0px&#8220; vertical_offset_tablet=&#8220;0&#8243; horizontal_offset_tablet=&#8220;0&#8243; z_index_tablet=&#8220;0&#8243;][et_pb_map_pin title=&#8220;Skywalk GmbH &amp; Co. KG&#8220; pin_address=&#8220;Marquartstein, Deutschland&#8220; pin_address_lat=&#8220;47.7614275&#8243; pin_address_lng=&#8220;12.460403600000063&#8243;] [\/et_pb_map_pin][\/et_pb_fullwidth_map][\/et_pb_section][et_pb_section bb_built=&#8220;1&#8243; admin_label=&#8220;section&#8220; fullwidth=&#8220;off&#8220; prev_background_color=&#8220;#000000&#8243; inner_width=&#8220;auto&#8220; inner_max_width=&#8220;1080px&#8220;][et_pb_row admin_label=&#8220;row&#8220; background_position=&#8220;top_left&#8220; background_repeat=&#8220;repeat&#8220; background_size=&#8220;initial&#8220; width=&#8220;80%&#8220; max_width=&#8220;1080px&#8220;][et_pb_column type=&#8220;2_3&#8243; custom_padding__hover=&#8220;|||&#8220; custom_padding=&#8220;|||&#8220;][et_pb_contact_form admin_label=&#8220;Kontakt Formular&#8220; title=&#8220;Schreib uns eine Nachricht.&#8220; email=&#8220;info@skywalk.org&#8220; title_font_size=&#8220;21px&#8220; _builder_version=&#8220;4.7.4&#8243; border_radii=&#8220;on|0px|0px|0px|0px&#8220; custom_message=&#8220;Name: %%Name%%||et_pb_line_break_holder|| ||et_pb_line_break_holder||Mailadresse: %%Email%%||et_pb_line_break_holder||||et_pb_line_break_holder||Betreff: %%Betreff%%||et_pb_line_break_holder|| ||et_pb_line_break_holder||Nachricht: %%Message%% ||et_pb_line_break_holder||||et_pb_line_break_holder||||et_pb_line_break_holder||***Sent from skywalk.info contact form DE***&#8220; use_spam_service=&#8220;on&#8220; recaptcha_list=&#8220;Mike Private Test|Mike Private Test-0&#8243; form_field_text_shadow_horizontal_length=&#8220;form_field_text_shadow_style,%91object Object%93&#8243; form_field_text_shadow_horizontal_length_tablet=&#8220;0px&#8220; form_field_text_shadow_vertical_length=&#8220;form_field_text_shadow_style,%91object Object%93&#8243; form_field_text_shadow_vertical_length_tablet=&#8220;0px&#8220; form_field_text_shadow_blur_strength=&#8220;form_field_text_shadow_style,%91object Object%93&#8243; form_field_text_shadow_blur_strength_tablet=&#8220;1px&#8220; text_shadow_horizontal_length=&#8220;text_shadow_style,%91object Object%93&#8243; text_shadow_horizontal_length_tablet=&#8220;0px&#8220; text_shadow_vertical_length=&#8220;text_shadow_style,%91object Object%93&#8243; text_shadow_vertical_length_tablet=&#8220;0px&#8220; text_shadow_blur_strength=&#8220;text_shadow_style,%91object Object%93&#8243; text_shadow_blur_strength_tablet=&#8220;1px&#8220; title_text_shadow_horizontal_length=&#8220;title_text_shadow_style,%91object Object%93&#8243; title_text_shadow_horizontal_length_tablet=&#8220;0px&#8220; title_text_shadow_vertical_length=&#8220;title_text_shadow_style,%91object Object%93&#8243; title_text_shadow_vertical_length_tablet=&#8220;0px&#8220; title_text_shadow_blur_strength=&#8220;title_text_shadow_style,%91object Object%93&#8243; title_text_shadow_blur_strength_tablet=&#8220;1px&#8220; captcha_text_shadow_horizontal_length=&#8220;captcha_text_shadow_style,%91object Object%93&#8243; captcha_text_shadow_horizontal_length_tablet=&#8220;0px&#8220; captcha_text_shadow_vertical_length=&#8220;captcha_text_shadow_style,%91object Object%93&#8243; captcha_text_shadow_vertical_length_tablet=&#8220;0px&#8220; captcha_text_shadow_blur_strength=&#8220;captcha_text_shadow_style,%91object Object%93&#8243; captcha_text_shadow_blur_strength_tablet=&#8220;1px&#8220; button_text_shadow_horizontal_length=&#8220;button_text_shadow_style,%91object Object%93&#8243; button_text_shadow_horizontal_length_tablet=&#8220;0px&#8220; button_text_shadow_vertical_length=&#8220;button_text_shadow_style,%91object Object%93&#8243; button_text_shadow_vertical_length_tablet=&#8220;0px&#8220; button_text_shadow_blur_strength=&#8220;button_text_shadow_style,%91object Object%93&#8243; button_text_shadow_blur_strength_tablet=&#8220;1px&#8220; box_shadow_horizontal_button_tablet=&#8220;0px&#8220; box_shadow_vertical_button_tablet=&#8220;0px&#8220; box_shadow_blur_button_tablet=&#8220;40px&#8220; box_shadow_spread_button_tablet=&#8220;0px&#8220; box_shadow_horizontal_tablet=&#8220;0px&#8220; box_shadow_vertical_tablet=&#8220;0px&#8220; box_shadow_blur_tablet=&#8220;40px&#8220; box_shadow_spread_tablet=&#8220;0px&#8220; vertical_offset_tablet=&#8220;0&#8243; horizontal_offset_tablet=&#8220;0&#8243; z_index_tablet=&#8220;0&#8243;][et_pb_contact_field field_title=&#8220;Name&#8220; field_type=&#8220;input&#8220; field_id=&#8220;Name&#8220; required_mark=&#8220;on&#8220; fullwidth_field=&#8220;off&#8220; form_field_font_select=&#8220;default&#8220; form_field_font=&#8220;||||&#8220; use_border_color=&#8220;off&#8220; border_style_all=&#8220;solid&#8220; _builder_version=&#8220;3.0.106&#8243; \/][et_pb_contact_field field_title=&#8220;E-Mail&#8220; field_type=&#8220;email&#8220; field_id=&#8220;Email&#8220; required_mark=&#8220;on&#8220; fullwidth_field=&#8220;off&#8220; form_field_font_select=&#8220;default&#8220; form_field_font=&#8220;||||&#8220; use_border_color=&#8220;off&#8220; border_style_all=&#8220;solid&#8220; _builder_version=&#8220;3.0.106&#8243; \/][et_pb_contact_field _builder_version=&#8220;3.0.106&#8243; field_id=&#8220;Betreff&#8220; field_title=&#8220;Betreff&#8220; field_type=&#8220;input&#8220; checkbox_checked=&#8220;off&#8220; checkbox_options=&#8220;%91{%22value%22:%22%22,%22checked%22:0}%93&#8243; radio_options=&#8220;%91{%22value%22:%22%22,%22checked%22:0}%93&#8243; select_options=&#8220;%91{%22value%22:%22%22,%22checked%22:0}%93&#8243; min_length=&#8220;0&#8243; max_length=&#8220;0&#8243; allowed_symbols=&#8220;all&#8220; required_mark=&#8220;on&#8220; conditional_logic=&#8220;off&#8220; conditional_logic_relation=&#8220;off&#8220; conditional_logic_rules=&#8220;%91{%22field%22:%22name%22,%22condition%22:%22is%22,%22value%22:%22%22}%93&#8243; use_background_color_gradient=&#8220;off&#8220; background_color_gradient_start=&#8220;#2b87da&#8220; background_color_gradient_end=&#8220;#29c4a9&#8243; background_color_gradient_type=&#8220;linear&#8220; background_color_gradient_direction=&#8220;180deg&#8220; background_color_gradient_direction_radial=&#8220;center&#8220; background_color_gradient_start_position=&#8220;0%&#8220; background_color_gradient_end_position=&#8220;100%&#8220; background_color_gradient_overlays_image=&#8220;off&#8220; parallax=&#8220;off&#8220; parallax_method=&#8220;on&#8220; background_size=&#8220;cover&#8220; background_position=&#8220;center&#8220; background_repeat=&#8220;no-repeat&#8220; background_blend=&#8220;normal&#8220; allow_player_pause=&#8220;off&#8220; background_video_pause_outside_viewport=&#8220;on&#8220; fullwidth_field=&#8220;on&#8220; form_field_text_shadow_style=&#8220;none&#8220; border_radii=&#8220;on||||&#8220; box_shadow_style=&#8220;none&#8220; \/][et_pb_contact_field field_title=&#8220;Nachricht&#8220; field_type=&#8220;text&#8220; field_id=&#8220;Message&#8220; required_mark=&#8220;on&#8220; fullwidth_field=&#8220;on&#8220; form_field_font_select=&#8220;default&#8220; form_field_font=&#8220;||||&#8220; use_border_color=&#8220;off&#8220; border_style_all=&#8220;solid&#8220; _builder_version=&#8220;3.0.106&#8243; \/][\/et_pb_contact_form][\/et_pb_column][et_pb_column type=&#8220;1_3&#8243; custom_padding__hover=&#8220;|||&#8220; custom_padding=&#8220;|||&#8220;][et_pb_text admin_label=&#8220;Customer Service&#8220; use_border_color=&#8220;off&#8220; background_position=&#8220;top_left&#8220; background_repeat=&#8220;repeat&#8220; background_size=&#8220;initial&#8220; _builder_version=&#8220;4.7.4&#8243; text_text_shadow_horizontal_length=&#8220;text_text_shadow_style,%91object Object%93&#8243; text_text_shadow_horizontal_length_tablet=&#8220;0px&#8220; text_text_shadow_vertical_length=&#8220;text_text_shadow_style,%91object Object%93&#8243; text_text_shadow_vertical_length_tablet=&#8220;0px&#8220; text_text_shadow_blur_strength=&#8220;text_text_shadow_style,%91object Object%93&#8243; text_text_shadow_blur_strength_tablet=&#8220;1px&#8220; link_text_shadow_horizontal_length=&#8220;link_text_shadow_style,%91object Object%93&#8243; link_text_shadow_horizontal_length_tablet=&#8220;0px&#8220; link_text_shadow_vertical_length=&#8220;link_text_shadow_style,%91object Object%93&#8243; link_text_shadow_vertical_length_tablet=&#8220;0px&#8220; link_text_shadow_blur_strength=&#8220;link_text_shadow_style,%91object Object%93&#8243; link_text_shadow_blur_strength_tablet=&#8220;1px&#8220; ul_text_shadow_horizontal_length=&#8220;ul_text_shadow_style,%91object Object%93&#8243; ul_text_shadow_horizontal_length_tablet=&#8220;0px&#8220; ul_text_shadow_vertical_length=&#8220;ul_text_shadow_style,%91object Object%93&#8243; ul_text_shadow_vertical_length_tablet=&#8220;0px&#8220; ul_text_shadow_blur_strength=&#8220;ul_text_shadow_style,%91object Object%93&#8243; ul_text_shadow_blur_strength_tablet=&#8220;1px&#8220; ol_text_shadow_horizontal_length=&#8220;ol_text_shadow_style,%91object Object%93&#8243; ol_text_shadow_horizontal_length_tablet=&#8220;0px&#8220; ol_text_shadow_vertical_length=&#8220;ol_text_shadow_style,%91object Object%93&#8243; ol_text_shadow_vertical_length_tablet=&#8220;0px&#8220; ol_text_shadow_blur_strength=&#8220;ol_text_shadow_style,%91object Object%93&#8243; ol_text_shadow_blur_strength_tablet=&#8220;1px&#8220; quote_text_shadow_horizontal_length=&#8220;quote_text_shadow_style,%91object Object%93&#8243; quote_text_shadow_horizontal_length_tablet=&#8220;0px&#8220; quote_text_shadow_vertical_length=&#8220;quote_text_shadow_style,%91object Object%93&#8243; quote_text_shadow_vertical_length_tablet=&#8220;0px&#8220; quote_text_shadow_blur_strength=&#8220;quote_text_shadow_style,%91object Object%93&#8243; quote_text_shadow_blur_strength_tablet=&#8220;1px&#8220; header_text_shadow_horizontal_length=&#8220;header_text_shadow_style,%91object Object%93&#8243; header_text_shadow_horizontal_length_tablet=&#8220;0px&#8220; header_text_shadow_vertical_length=&#8220;header_text_shadow_style,%91object Object%93&#8243; header_text_shadow_vertical_length_tablet=&#8220;0px&#8220; header_text_shadow_blur_strength=&#8220;header_text_shadow_style,%91object Object%93&#8243; header_text_shadow_blur_strength_tablet=&#8220;1px&#8220; header_2_text_shadow_horizontal_length=&#8220;header_2_text_shadow_style,%91object Object%93&#8243; header_2_text_shadow_horizontal_length_tablet=&#8220;0px&#8220; header_2_text_shadow_vertical_length=&#8220;header_2_text_shadow_style,%91object Object%93&#8243; header_2_text_shadow_vertical_length_tablet=&#8220;0px&#8220; header_2_text_shadow_blur_strength=&#8220;header_2_text_shadow_style,%91object Object%93&#8243; header_2_text_shadow_blur_strength_tablet=&#8220;1px&#8220; header_3_text_shadow_horizontal_length=&#8220;header_3_text_shadow_style,%91object Object%93&#8243; header_3_text_shadow_horizontal_length_tablet=&#8220;0px&#8220; header_3_text_shadow_vertical_length=&#8220;header_3_text_shadow_style,%91object Object%93&#8243; header_3_text_shadow_vertical_length_tablet=&#8220;0px&#8220; header_3_text_shadow_blur_strength=&#8220;header_3_text_shadow_style,%91object Object%93&#8243; header_3_text_shadow_blur_strength_tablet=&#8220;1px&#8220; header_4_text_shadow_horizontal_length=&#8220;header_4_text_shadow_style,%91object Object%93&#8243; header_4_text_shadow_horizontal_length_tablet=&#8220;0px&#8220; header_4_text_shadow_vertical_length=&#8220;header_4_text_shadow_style,%91object Object%93&#8243; header_4_text_shadow_vertical_length_tablet=&#8220;0px&#8220; header_4_text_shadow_blur_strength=&#8220;header_4_text_shadow_style,%91object Object%93&#8243; header_4_text_shadow_blur_strength_tablet=&#8220;1px&#8220; header_5_text_shadow_horizontal_length=&#8220;header_5_text_shadow_style,%91object Object%93&#8243; header_5_text_shadow_horizontal_length_tablet=&#8220;0px&#8220; header_5_text_shadow_vertical_length=&#8220;header_5_text_shadow_style,%91object Object%93&#8243; header_5_text_shadow_vertical_length_tablet=&#8220;0px&#8220; header_5_text_shadow_blur_strength=&#8220;header_5_text_shadow_style,%91object Object%93&#8243; header_5_text_shadow_blur_strength_tablet=&#8220;1px&#8220; header_6_text_shadow_horizontal_length=&#8220;header_6_text_shadow_style,%91object Object%93&#8243; header_6_text_shadow_horizontal_length_tablet=&#8220;0px&#8220; header_6_text_shadow_vertical_length=&#8220;header_6_text_shadow_style,%91object Object%93&#8243; header_6_text_shadow_vertical_length_tablet=&#8220;0px&#8220; header_6_text_shadow_blur_strength=&#8220;header_6_text_shadow_style,%91object Object%93&#8243; header_6_text_shadow_blur_strength_tablet=&#8220;1px&#8220; box_shadow_horizontal_tablet=&#8220;0px&#8220; box_shadow_vertical_tablet=&#8220;0px&#8220; box_shadow_blur_tablet=&#8220;40px&#8220; box_shadow_spread_tablet=&#8220;0px&#8220; vertical_offset_tablet=&#8220;0&#8243; horizontal_offset_tablet=&#8220;0&#8243; z_index_tablet=&#8220;0&#8243;]<\/p>\n<h2>Technical Support<\/h2>\n<p>Du willst mit uns in Kontakt treten? Ruf uns f\u00fcr ein pers\u00f6nliches Gespr\u00e4ch einfach an oder lass uns eine Nachricht per E-Mail zukommen.<\/p>\n<p><strong>Phone<\/strong> +49 (0) 8641 6948 40<br \/><strong>E-Mail <\/strong><a href=\"mailto:support@skywalk.org\" target=\"_blank\" rel=\"noopener noreferrer\">support@skywalk.org<\/a><\/p>\n<p><span class=\"ui-provider cow cox c d e f g h i j k l m n o p q r s t coy coz w x y z ab ac ae af ag ah ai aj ak\" dir=\"ltr\"><strong>Office M-T<\/strong> 8 a.m. &#8211; 5 p.m., <strong>F<\/strong> 8 a.m. &#8211; 1.30 p.m. (CET)<\/span><\/p>\n<p>Skywalk GmbH &amp; Co. KG<br \/>Windeckstr. 4<br \/>83250 Marquartstein<br \/>DEUTSCHLAND<\/p>\n<p>[\/et_pb_text][\/et_pb_column][\/et_pb_row][\/et_pb_section]<\/p>\n","protected":false},"excerpt":{"rendered":"<p>[et_pb_section bb_built=&#8220;1&#8243; admin_label=&#8220;section&#8220; fullwidth=&#8220;on&#8220; specialty=&#8220;off&#8220; next_background_color=&#8220;#000000&#8243; inner_width=&#8220;auto&#8220; inner_max_width=&#8220;1080px&#8220;][et_pb_fullwidth_map zoom_level=&#8220;3&#8243; address_lat=&#8220;47.7614275&#8243; address_lng=&#8220;12.460403600000063&#8243; address=&#8220;Marquartstein, Deutschland&#8220; _builder_version=&#8220;4.7.4&#8243; box_shadow_horizontal_tablet=&#8220;0px&#8220; box_shadow_vertical_tablet=&#8220;0px&#8220; box_shadow_blur_tablet=&#8220;40px&#8220; box_shadow_spread_tablet=&#8220;0px&#8220; vertical_offset_tablet=&#8220;0&#8243; horizontal_offset_tablet=&#8220;0&#8243; z_index_tablet=&#8220;0&#8243;][et_pb_map_pin title=&#8220;Skywalk GmbH &amp; Co. KG&#8220; pin_address=&#8220;Marquartstein, Deutschland&#8220; pin_address_lat=&#8220;47.7614275&#8243; pin_address_lng=&#8220;12.460403600000063&#8243;] [\/et_pb_map_pin][\/et_pb_fullwidth_map][\/et_pb_section][et_pb_section bb_built=&#8220;1&#8243; admin_label=&#8220;section&#8220; fullwidth=&#8220;off&#8220; prev_background_color=&#8220;#000000&#8243; inner_width=&#8220;auto&#8220; inner_max_width=&#8220;1080px&#8220;][et_pb_row admin_label=&#8220;row&#8220; background_position=&#8220;top_left&#8220; background_repeat=&#8220;repeat&#8220; background_size=&#8220;initial&#8220; width=&#8220;80%&#8220; max_width=&#8220;1080px&#8220;][et_pb_column type=&#8220;2_3&#8243; custom_padding__hover=&#8220;|||&#8220; custom_padding=&#8220;|||&#8220;][et_pb_contact_form admin_label=&#8220;Kontakt Formular&#8220; title=&#8220;Schreib uns eine Nachricht.&#8220; email=&#8220;info@skywalk.org&#8220; title_font_size=&#8220;21px&#8220; _builder_version=&#8220;4.7.4&#8243; [&hellip;]<\/p>\n","protected":false},"author":118,"featured_media":0,"parent":0,"menu_order":0,"comment_status":"closed","ping_status":"closed","template":"","meta":{"_et_pb_use_builder":"on","_et_pb_old_content":"","_et_gb_content_width":"","footnotes":""},"yoast_head":"<!-- This site is optimized with the Yoast SEO plugin v22.5 - https:\/\/yoast.com\/wordpress\/plugins\/seo\/ -->\n<title>Kontakt - skywalk Paragliders<\/title>\n<meta name=\"robots\" content=\"index, follow, max-snippet:-1, max-image-preview:large, max-video-preview:-1\" \/>\n<link rel=\"canonical\" href=\"https:\/\/skywalk.info\/de\/kontakt\/\" \/>\n<meta property=\"og:locale\" content=\"de_DE\" \/>\n<meta property=\"og:type\" content=\"article\" \/>\n<meta property=\"og:title\" content=\"Kontakt - skywalk Paragliders\" \/>\n<meta property=\"og:description\" content=\"[et_pb_section bb_built=&#8220;1&#8243; admin_label=&#8220;section&#8220; fullwidth=&#8220;on&#8220; specialty=&#8220;off&#8220; next_background_color=&#8220;#000000&#8243; inner_width=&#8220;auto&#8220; inner_max_width=&#8220;1080px&#8220;][et_pb_fullwidth_map zoom_level=&#8220;3&#8243; address_lat=&#8220;47.7614275&#8243; address_lng=&#8220;12.460403600000063&#8243; address=&#8220;Marquartstein, Deutschland&#8220; _builder_version=&#8220;4.7.4&#8243; box_shadow_horizontal_tablet=&#8220;0px&#8220; box_shadow_vertical_tablet=&#8220;0px&#8220; box_shadow_blur_tablet=&#8220;40px&#8220; box_shadow_spread_tablet=&#8220;0px&#8220; vertical_offset_tablet=&#8220;0&#8243; horizontal_offset_tablet=&#8220;0&#8243; z_index_tablet=&#8220;0&#8243;][et_pb_map_pin title=&#8220;Skywalk GmbH &amp; Co. KG&#8220; pin_address=&#8220;Marquartstein, Deutschland&#8220; pin_address_lat=&#8220;47.7614275&#8243; pin_address_lng=&#8220;12.460403600000063&#8243;] [\/et_pb_map_pin][\/et_pb_fullwidth_map][\/et_pb_section][et_pb_section bb_built=&#8220;1&#8243; admin_label=&#8220;section&#8220; fullwidth=&#8220;off&#8220; prev_background_color=&#8220;#000000&#8243; inner_width=&#8220;auto&#8220; inner_max_width=&#8220;1080px&#8220;][et_pb_row admin_label=&#8220;row&#8220; background_position=&#8220;top_left&#8220; background_repeat=&#8220;repeat&#8220; background_size=&#8220;initial&#8220; width=&#8220;80%&#8220; max_width=&#8220;1080px&#8220;][et_pb_column type=&#8220;2_3&#8243; custom_padding__hover=&#8220;|||&#8220; custom_padding=&#8220;|||&#8220;][et_pb_contact_form admin_label=&#8220;Kontakt Formular&#8220; title=&#8220;Schreib uns eine Nachricht.&#8220; email=&#8220;info@skywalk.org&#8220; title_font_size=&#8220;21px&#8220; _builder_version=&#8220;4.7.4&#8243; [&hellip;]\" \/>\n<meta property=\"og:url\" content=\"https:\/\/skywalk.info\/de\/kontakt\/\" \/>\n<meta property=\"og:site_name\" content=\"skywalk Paragliders\" \/>\n<meta property=\"article:publisher\" content=\"https:\/\/www.facebook.com\/skywalk.paragliders\/\" \/>\n<meta property=\"article:modified_time\" content=\"2025-07-09T08:05:44+00:00\" \/>\n<meta name=\"twitter:label1\" content=\"Gesch\u00e4tzte Lesezeit\" \/>\n\t<meta name=\"twitter:data1\" content=\"14 Minuten\" \/>\n<script type=\"application\/ld+json\" class=\"yoast-schema-graph\">{\"@context\":\"https:\/\/schema.org\",\"@graph\":[{\"@type\":\"WebPage\",\"@id\":\"https:\/\/skywalk.info\/de\/kontakt\/\",\"url\":\"https:\/\/skywalk.info\/de\/kontakt\/\",\"name\":\"Kontakt - skywalk Paragliders\",\"isPartOf\":{\"@id\":\"https:\/\/skywalk.info\/#website\"},\"datePublished\":\"2015-10-26T18:43:35+00:00\",\"dateModified\":\"2025-07-09T08:05:44+00:00\",\"breadcrumb\":{\"@id\":\"https:\/\/skywalk.info\/de\/kontakt\/#breadcrumb\"},\"inLanguage\":\"de-DE\",\"potentialAction\":[{\"@type\":\"ReadAction\",\"target\":[\"https:\/\/skywalk.info\/de\/kontakt\/\"]}]},{\"@type\":\"BreadcrumbList\",\"@id\":\"https:\/\/skywalk.info\/de\/kontakt\/#breadcrumb\",\"itemListElement\":[{\"@type\":\"ListItem\",\"position\":1,\"name\":\"Home\",\"item\":\"https:\/\/skywalk.info\/de\/\"},{\"@type\":\"ListItem\",\"position\":2,\"name\":\"Kontakt\"}]},{\"@type\":\"WebSite\",\"@id\":\"https:\/\/skywalk.info\/#website\",\"url\":\"https:\/\/skywalk.info\/\",\"name\":\"skywalk Paragliders\",\"description\":\"pure passion for flying\",\"potentialAction\":[{\"@type\":\"SearchAction\",\"target\":{\"@type\":\"EntryPoint\",\"urlTemplate\":\"https:\/\/skywalk.info\/?s={search_term_string}\"},\"query-input\":\"required name=search_term_string\"}],\"inLanguage\":\"de-DE\"}]}<\/script>\n<!-- \/ Yoast SEO plugin. -->","yoast_head_json":{"title":"Kontakt - skywalk Paragliders","robots":{"index":"index","follow":"follow","max-snippet":"max-snippet:-1","max-image-preview":"max-image-preview:large","max-video-preview":"max-video-preview:-1"},"canonical":"https:\/\/skywalk.info\/de\/kontakt\/","og_locale":"de_DE","og_type":"article","og_title":"Kontakt - skywalk Paragliders","og_description":"[et_pb_section bb_built=&#8220;1&#8243; admin_label=&#8220;section&#8220; fullwidth=&#8220;on&#8220; specialty=&#8220;off&#8220; next_background_color=&#8220;#000000&#8243; inner_width=&#8220;auto&#8220; inner_max_width=&#8220;1080px&#8220;][et_pb_fullwidth_map zoom_level=&#8220;3&#8243; address_lat=&#8220;47.7614275&#8243; address_lng=&#8220;12.460403600000063&#8243; address=&#8220;Marquartstein, Deutschland&#8220; _builder_version=&#8220;4.7.4&#8243; box_shadow_horizontal_tablet=&#8220;0px&#8220; box_shadow_vertical_tablet=&#8220;0px&#8220; box_shadow_blur_tablet=&#8220;40px&#8220; box_shadow_spread_tablet=&#8220;0px&#8220; vertical_offset_tablet=&#8220;0&#8243; horizontal_offset_tablet=&#8220;0&#8243; z_index_tablet=&#8220;0&#8243;][et_pb_map_pin title=&#8220;Skywalk GmbH &amp; Co. KG&#8220; pin_address=&#8220;Marquartstein, Deutschland&#8220; pin_address_lat=&#8220;47.7614275&#8243; pin_address_lng=&#8220;12.460403600000063&#8243;] [\/et_pb_map_pin][\/et_pb_fullwidth_map][\/et_pb_section][et_pb_section bb_built=&#8220;1&#8243; admin_label=&#8220;section&#8220; fullwidth=&#8220;off&#8220; prev_background_color=&#8220;#000000&#8243; inner_width=&#8220;auto&#8220; inner_max_width=&#8220;1080px&#8220;][et_pb_row admin_label=&#8220;row&#8220; background_position=&#8220;top_left&#8220; background_repeat=&#8220;repeat&#8220; background_size=&#8220;initial&#8220; width=&#8220;80%&#8220; max_width=&#8220;1080px&#8220;][et_pb_column type=&#8220;2_3&#8243; custom_padding__hover=&#8220;|||&#8220; custom_padding=&#8220;|||&#8220;][et_pb_contact_form admin_label=&#8220;Kontakt Formular&#8220; title=&#8220;Schreib uns eine Nachricht.&#8220; email=&#8220;info@skywalk.org&#8220; title_font_size=&#8220;21px&#8220; _builder_version=&#8220;4.7.4&#8243; [&hellip;]","og_url":"https:\/\/skywalk.info\/de\/kontakt\/","og_site_name":"skywalk Paragliders","article_publisher":"https:\/\/www.facebook.com\/skywalk.paragliders\/","article_modified_time":"2025-07-09T08:05:44+00:00","twitter_misc":{"Gesch\u00e4tzte Lesezeit":"14 Minuten"},"schema":{"@context":"https:\/\/schema.org","@graph":[{"@type":"WebPage","@id":"https:\/\/skywalk.info\/de\/kontakt\/","url":"https:\/\/skywalk.info\/de\/kontakt\/","name":"Kontakt - skywalk Paragliders","isPartOf":{"@id":"https:\/\/skywalk.info\/#website"},"datePublished":"2015-10-26T18:43:35+00:00","dateModified":"2025-07-09T08:05:44+00:00","breadcrumb":{"@id":"https:\/\/skywalk.info\/de\/kontakt\/#breadcrumb"},"inLanguage":"de-DE","potentialAction":[{"@type":"ReadAction","target":["https:\/\/skywalk.info\/de\/kontakt\/"]}]},{"@type":"BreadcrumbList","@id":"https:\/\/skywalk.info\/de\/kontakt\/#breadcrumb","itemListElement":[{"@type":"ListItem","position":1,"name":"Home","item":"https:\/\/skywalk.info\/de\/"},{"@type":"ListItem","position":2,"name":"Kontakt"}]},{"@type":"WebSite","@id":"https:\/\/skywalk.info\/#website","url":"https:\/\/skywalk.info\/","name":"skywalk Paragliders","description":"pure passion for flying","potentialAction":[{"@type":"SearchAction","target":{"@type":"EntryPoint","urlTemplate":"https:\/\/skywalk.info\/?s={search_term_string}"},"query-input":"required name=search_term_string"}],"inLanguage":"de-DE"}]}},"_links":{"self":[{"href":"https:\/\/skywalk.info\/de\/wp-json\/wp\/v2\/pages\/1343"}],"collection":[{"href":"https:\/\/skywalk.info\/de\/wp-json\/wp\/v2\/pages"}],"about":[{"href":"https:\/\/skywalk.info\/de\/wp-json\/wp\/v2\/types\/page"}],"author":[{"embeddable":true,"href":"https:\/\/skywalk.info\/de\/wp-json\/wp\/v2\/users\/118"}],"replies":[{"embeddable":true,"href":"https:\/\/skywalk.info\/de\/wp-json\/wp\/v2\/comments?post=1343"}],"version-history":[{"count":10,"href":"https:\/\/skywalk.info\/de\/wp-json\/wp\/v2\/pages\/1343\/revisions"}],"predecessor-version":[{"id":50492,"href":"https:\/\/skywalk.info\/de\/wp-json\/wp\/v2\/pages\/1343\/revisions\/50492"}],"wp:attachment":[{"href":"https:\/\/skywalk.info\/de\/wp-json\/wp\/v2\/media?parent=1343"}],"curies":[{"name":"wp","href":"https:\/\/api.w.org\/{rel}","templated":true}]}}